{"id":182,"date":"2025-12-21T11:05:08","date_gmt":"2025-12-21T10:05:08","guid":{"rendered":"https:\/\/www.dierssys-dienstleister.de\/?page_id=182"},"modified":"2026-01-13T15:41:02","modified_gmt":"2026-01-13T14:41:02","slug":"monteurzimmer","status":"publish","type":"page","link":"https:\/\/www.dierssys-dienstleister.de\/?page_id=182","title":{"rendered":"Monteurzimmer"},"content":{"rendered":"<p>Monteurzimmer zu vermieten in einem freistehenden Haus in Neuenkirchen (bei Bremen).<\/p>\n<ul>\n<li>max. 6 Monteure gleichzeitig im Haus\u00a0<\/li>\n<li>6 Einzelzimmer mit WLAN und TV<\/li>\n<li>jeweils 3 Monteure teilen sich ein Bad<\/li>\n<li>die K\u00fcche wird von allen Monteuren genutzt<\/li>\n<li>4 Parkpl\u00e4tze vor dem Haus, weitere Parkm\u00f6glichkeiten an der Stra\u00dfe<\/li>\n<li>Fahrr\u00e4der stehen zur Verf\u00fcgung<\/li>\n<li>Preise auf Anfrage<\/li>\n<\/ul>\n<p>&nbsp;<\/p>\n<table class=\"aligncenter\" style=\"width: 100%; border-collapse: collapse;\" border=\"0\">\n<tbody>\n<tr>\n<td style=\"width: 19.9563%;\"><img loading=\"lazy\" decoding=\"async\" class=\"size-medium wp-image-188 aligncenter\" src=\"https:\/\/www.dierssys-dienstleister.de\/wp-content\/uploads\/2025\/12\/mz1_small-225x300.jpg\" alt=\"\" width=\"225\" height=\"300\" srcset=\"https:\/\/www.dierssys-dienstleister.de\/wp-content\/uploads\/2025\/12\/mz1_small-225x300.jpg 225w, https:\/\/www.dierssys-dienstleister.de\/wp-content\/uploads\/2025\/12\/mz1_small.jpg 600w\" sizes=\"auto, (max-width: 225px) 100vw, 225px\" \/><\/td>\n<td style=\"width: 19.9563%;\"><img loading=\"lazy\" decoding=\"async\" class=\"size-medium wp-image-189 aligncenter\" src=\"https:\/\/www.dierssys-dienstleister.de\/wp-content\/uploads\/2025\/12\/mz2_small-300x225.jpg\" alt=\"\" width=\"300\" height=\"225\" srcset=\"https:\/\/www.dierssys-dienstleister.de\/wp-content\/uploads\/2025\/12\/mz2_small-300x225.jpg 300w, https:\/\/www.dierssys-dienstleister.de\/wp-content\/uploads\/2025\/12\/mz2_small-768x576.jpg 768w, https:\/\/www.dierssys-dienstleister.de\/wp-content\/uploads\/2025\/12\/mz2_small.jpg 800w\" sizes=\"auto, (max-width: 300px) 100vw, 300px\" \/><\/td>\n<td style=\"width: 19.9563%;\"><img loading=\"lazy\" decoding=\"async\" class=\"size-medium wp-image-190 aligncenter\" src=\"https:\/\/www.dierssys-dienstleister.de\/wp-content\/uploads\/2025\/12\/mz3_small-300x225.jpg\" alt=\"\" width=\"300\" height=\"225\" srcset=\"https:\/\/www.dierssys-dienstleister.de\/wp-content\/uploads\/2025\/12\/mz3_small-300x225.jpg 300w, https:\/\/www.dierssys-dienstleister.de\/wp-content\/uploads\/2025\/12\/mz3_small-768x576.jpg 768w, https:\/\/www.dierssys-dienstleister.de\/wp-content\/uploads\/2025\/12\/mz3_small.jpg 800w\" sizes=\"auto, (max-width: 300px) 100vw, 300px\" \/><\/td>\n<td style=\"width: 19.9563%;\"><img loading=\"lazy\" decoding=\"async\" class=\"size-medium wp-image-191 aligncenter\" src=\"https:\/\/www.dierssys-dienstleister.de\/wp-content\/uploads\/2025\/12\/mz4_small-300x225.jpg\" alt=\"\" width=\"300\" height=\"225\" srcset=\"https:\/\/www.dierssys-dienstleister.de\/wp-content\/uploads\/2025\/12\/mz4_small-300x225.jpg 300w, https:\/\/www.dierssys-dienstleister.de\/wp-content\/uploads\/2025\/12\/mz4_small-768x576.jpg 768w, https:\/\/www.dierssys-dienstleister.de\/wp-content\/uploads\/2025\/12\/mz4_small.jpg 800w\" sizes=\"auto, (max-width: 300px) 100vw, 300px\" \/><\/td>\n<td style=\"width: 19.9563%;\"><img loading=\"lazy\" decoding=\"async\" class=\"size-medium wp-image-192 aligncenter\" src=\"https:\/\/www.dierssys-dienstleister.de\/wp-content\/uploads\/2025\/12\/mz5_small-225x300.jpg\" alt=\"\" width=\"225\" height=\"300\" srcset=\"https:\/\/www.dierssys-dienstleister.de\/wp-content\/uploads\/2025\/12\/mz5_small-225x300.jpg 225w, https:\/\/www.dierssys-dienstleister.de\/wp-content\/uploads\/2025\/12\/mz5_small.jpg 600w\" sizes=\"auto, (max-width: 225px) 100vw, 225px\" \/><\/td>\n<\/tr>\n<\/tbody>\n<\/table>\n","protected":false},"excerpt":{"rendered":"<p>Monteurzimmer zu vermieten in einem freistehenden Haus in Neuenkirchen (bei Bremen). max. 6 Monteure gleichzeitig im Haus\u00a0 6 Einzelzimmer mit WLAN und TV jeweils 3 Monteure teilen sich ein Bad die K\u00fcche wird von allen Monteuren genutzt 4 Parkpl\u00e4tze vor &hellip; <a href=\"https:\/\/www.dierssys-dienstleister.de\/?page_id=182\">Weiter<\/a><\/p>\n","protected":false},"author":1,"featured_media":0,"parent":0,"menu_order":0,"comment_status":"closed","ping_status":"closed","template":"","meta":{"footnotes":""},"class_list":["post-182","page","type-page","status-publish","hentry"],"_links":{"self":[{"href":"https:\/\/www.dierssys-dienstleister.de\/index.php?rest_route=\/wp\/v2\/pages\/182","targetHints":{"allow":["GET"]}}],"collection":[{"href":"https:\/\/www.dierssys-dienstleister.de\/index.php?rest_route=\/wp\/v2\/pages"}],"about":[{"href":"https:\/\/www.dierssys-dienstleister.de\/index.php?rest_route=\/wp\/v2\/types\/page"}],"author":[{"embeddable":true,"href":"https:\/\/www.dierssys-dienstleister.de\/index.php?rest_route=\/wp\/v2\/users\/1"}],"replies":[{"embeddable":true,"href":"https:\/\/www.dierssys-dienstleister.de\/index.php?rest_route=%2Fwp%2Fv2%2Fcomments&post=182"}],"version-history":[{"count":5,"href":"https:\/\/www.dierssys-dienstleister.de\/index.php?rest_route=\/wp\/v2\/pages\/182\/revisions"}],"predecessor-version":[{"id":195,"href":"https:\/\/www.dierssys-dienstleister.de\/index.php?rest_route=\/wp\/v2\/pages\/182\/revisions\/195"}],"wp:attachment":[{"href":"https:\/\/www.dierssys-dienstleister.de\/index.php?rest_route=%2Fwp%2Fv2%2Fmedia&parent=182"}],"curies":[{"name":"wp","href":"https:\/\/api.w.org\/{rel}","templated":true}]}}