{"id":29,"date":"2021-02-24T13:01:57","date_gmt":"2021-02-24T12:01:57","guid":{"rendered":"https:\/\/www.dierssys-dienstleister.de\/?page_id=29"},"modified":"2025-08-11T09:32:39","modified_gmt":"2025-08-11T07:32:39","slug":"impressum","status":"publish","type":"page","link":"https:\/\/www.dierssys-dienstleister.de\/?page_id=29","title":{"rendered":"Impressum"},"content":{"rendered":"<p>Herausgeber:<\/p>\n<p>Dierssy\u00b4s Dienstleister<\/p>\n<p>Brander Weg 76 28790 Schwanewede<\/p>\n<p>\nSteuernummer: 36\/109\/03602<br \/>\nUSt-IdNr.: DE235346523<\/p>\n<p>Telefon: 0421 \/ 27 785 88<\/p>\n<p>e-Mail:\u00a0<span id=\"cloak39cc7456232c7c42e6390a7d09afa5f7\"><a href=\"mailto:info@dierssys-dienstleister.de\">info@dierssys-dienstleister.de<\/a><\/span><\/p>\n<p>Verantwortlich:<\/p>\n<p>Andreas Dier\u00dfen<br \/>\ne-Mail:\u00a0<span id=\"cloakd7ee5f86c06554694cfec30226bf3607\"><a href=\"mailto:a.dierssen@dierssys-dienstleister.de\">a.dierssen@dierssys-dienstleister.de<\/a><\/span><\/p>\n<p>Der Inhalt dieser Webseite wird vom Webmaster gepflegt.<br \/>\ne-Mail:\u00a0<span id=\"cloak2b9ad9d4a073c2b41dda89b68c243f35\"><a href=\"mailto:webmaster@dierssys-dienstleister.de\">webmaster@dierssys-dienstleister.de<\/a><\/span><\/p>\n<p>Datenschutzhinweise: Alle auf dieser Website genannten Personen widersprechen ohne Ausnahme jeder kommerziellen Verwendung sowie der Weitergabe ihrer Kontaktdaten.<br \/>\n<a href=\"https:\/\/www.dierssys-dienstleister.de\/?page_id=25\">Datenschutzerkl\u00e4rung bitte hier klicken<\/a>.<\/p>\n<p style=\"text-align: justify;\">Urheberrechtshinweise:\u00a0Alle auf unseren Webseiten ver\u00f6ffentlichten Texte und Abbildungen sind urheberrechtlich gesch\u00fctzt. Jede vom Urheberrechtsgesetz nicht zugelassene Verwertung bedarf vorheriger schriftlicher Zustimmung von Dierssy\u00b4s Dienstleister. Es ist ausdr\u00fccklich untersagt das hier ver\u00f6ffentlichte Bild- und Textmaterial sowie Teile davon zu verwenden oder an Dritte weiter zu geben. Wir weisen ausdr\u00fccklich darauf hin, dass bei Mi\u00dfbrauch ausnahmslos Strafanzeige erstattet wird, sowie eine schadensersatzpflichtige Klage eingereicht wird! Der Streitwert betr\u00e4gt 20.000 Euro. Bei Fragen setzen Sie sich bitte mit uns in Verbindung!<\/p>\n","protected":false},"excerpt":{"rendered":"<p>Herausgeber: Dierssy\u00b4s Dienstleister Brander Weg 76 28790 Schwanewede Steuernummer: 36\/109\/03602 USt-IdNr.: DE235346523 Telefon: 0421 \/ 27 785 88 e-Mail:\u00a0info@dierssys-dienstleister.de Verantwortlich: Andreas Dier\u00dfen e-Mail:\u00a0a.dierssen@dierssys-dienstleister.de Der Inhalt dieser Webseite wird vom Webmaster gepflegt. e-Mail:\u00a0webmaster@dierssys-dienstleister.de Datenschutzhinweise: Alle auf dieser Website genannten Personen widersprechen &hellip; <a href=\"https:\/\/www.dierssys-dienstleister.de\/?page_id=29\">Weiter<\/a><\/p>\n","protected":false},"author":1,"featured_media":0,"parent":0,"menu_order":0,"comment_status":"closed","ping_status":"closed","template":"","meta":{"footnotes":""},"class_list":["post-29","page","type-page","status-publish","hentry"],"_links":{"self":[{"href":"https:\/\/www.dierssys-dienstleister.de\/index.php?rest_route=\/wp\/v2\/pages\/29","targetHints":{"allow":["GET"]}}],"collection":[{"href":"https:\/\/www.dierssys-dienstleister.de\/index.php?rest_route=\/wp\/v2\/pages"}],"about":[{"href":"https:\/\/www.dierssys-dienstleister.de\/index.php?rest_route=\/wp\/v2\/types\/page"}],"author":[{"embeddable":true,"href":"https:\/\/www.dierssys-dienstleister.de\/index.php?rest_route=\/wp\/v2\/users\/1"}],"replies":[{"embeddable":true,"href":"https:\/\/www.dierssys-dienstleister.de\/index.php?rest_route=%2Fwp%2Fv2%2Fcomments&post=29"}],"version-history":[{"count":9,"href":"https:\/\/www.dierssys-dienstleister.de\/index.php?rest_route=\/wp\/v2\/pages\/29\/revisions"}],"predecessor-version":[{"id":177,"href":"https:\/\/www.dierssys-dienstleister.de\/index.php?rest_route=\/wp\/v2\/pages\/29\/revisions\/177"}],"wp:attachment":[{"href":"https:\/\/www.dierssys-dienstleister.de\/index.php?rest_route=%2Fwp%2Fv2%2Fmedia&parent=29"}],"curies":[{"name":"wp","href":"https:\/\/api.w.org\/{rel}","templated":true}]}}