{"id":33,"date":"2021-02-24T13:27:52","date_gmt":"2021-02-24T12:27:52","guid":{"rendered":"https:\/\/www.dierssys-dienstleister.de\/?page_id=33"},"modified":"2026-04-21T17:10:12","modified_gmt":"2026-04-21T15:10:12","slug":"preisliste","status":"publish","type":"page","link":"https:\/\/www.dierssys-dienstleister.de\/?page_id=33","title":{"rendered":"Preisliste"},"content":{"rendered":"<p>Stundenlohn Gartenpflege inkl. Mehrwertsteuer 59,50 \u20ac<\/p>\n<p>Stundenlohn Pflasterarbeiten \/ Kanalarbeiten \/ Zaunbau inkl. Mehrwertsteuer 65,45 \u20ac<\/p>\n<p>Baggerstunde inkl. Bedienung und Mehrwertsteuer 95,20 \u20ac .<\/p>\n<p>Radladerstunde inkl. Bedienung und Mehrwertsteuer 95,20 \u20ac.<\/p>\n<p>Mobilbaggerstunde inklusive Bedienung und Mehrwertsteuer 142,50 \u20ac.<\/p>\n<p>&nbsp;<\/p>\n<p><strong><em>Hinweis:<br \/>\n<\/em><\/strong>Bei dem Radlader \/ Mobilbagger entstehen ggf. zus\u00e4tzliche Kosten f\u00fcr den Transport. Die H\u00f6he der Transportkosten liegen zwischen 40 \u20ac und max. 300 \u20ac.<\/p>\n<p>Bei einem Angebot oder Festpreis ist diese Seite gegenstandslos. Diese Preise gelten f\u00fcr unvorhersehbare Arbeiten, oder wenn Sie eine Abrechnung nach Stundenlohn w\u00fcnschen.<\/p>\n","protected":false},"excerpt":{"rendered":"<p>Stundenlohn Gartenpflege inkl. Mehrwertsteuer 59,50 \u20ac Stundenlohn Pflasterarbeiten \/ Kanalarbeiten \/ Zaunbau inkl. Mehrwertsteuer 65,45 \u20ac Baggerstunde inkl. Bedienung und Mehrwertsteuer 95,20 \u20ac . Radladerstunde inkl. Bedienung und Mehrwertsteuer 95,20 \u20ac. Mobilbaggerstunde inklusive Bedienung und Mehrwertsteuer 142,50 \u20ac. &nbsp; Hinweis: &hellip; <a href=\"https:\/\/www.dierssys-dienstleister.de\/?page_id=33\">Weiter<\/a><\/p>\n","protected":false},"author":1,"featured_media":0,"parent":0,"menu_order":0,"comment_status":"closed","ping_status":"closed","template":"","meta":{"footnotes":""},"class_list":["post-33","page","type-page","status-publish","hentry"],"_links":{"self":[{"href":"https:\/\/www.dierssys-dienstleister.de\/index.php?rest_route=\/wp\/v2\/pages\/33","targetHints":{"allow":["GET"]}}],"collection":[{"href":"https:\/\/www.dierssys-dienstleister.de\/index.php?rest_route=\/wp\/v2\/pages"}],"about":[{"href":"https:\/\/www.dierssys-dienstleister.de\/index.php?rest_route=\/wp\/v2\/types\/page"}],"author":[{"embeddable":true,"href":"https:\/\/www.dierssys-dienstleister.de\/index.php?rest_route=\/wp\/v2\/users\/1"}],"replies":[{"embeddable":true,"href":"https:\/\/www.dierssys-dienstleister.de\/index.php?rest_route=%2Fwp%2Fv2%2Fcomments&post=33"}],"version-history":[{"count":11,"href":"https:\/\/www.dierssys-dienstleister.de\/index.php?rest_route=\/wp\/v2\/pages\/33\/revisions"}],"predecessor-version":[{"id":197,"href":"https:\/\/www.dierssys-dienstleister.de\/index.php?rest_route=\/wp\/v2\/pages\/33\/revisions\/197"}],"wp:attachment":[{"href":"https:\/\/www.dierssys-dienstleister.de\/index.php?rest_route=%2Fwp%2Fv2%2Fmedia&parent=33"}],"curies":[{"name":"wp","href":"https:\/\/api.w.org\/{rel}","templated":true}]}}