{"id":35,"date":"2021-02-24T13:28:40","date_gmt":"2021-02-24T12:28:40","guid":{"rendered":"https:\/\/www.dierssys-dienstleister.de\/?page_id=35"},"modified":"2021-02-26T12:10:48","modified_gmt":"2021-02-26T11:10:48","slug":"leistungen","status":"publish","type":"page","link":"https:\/\/www.dierssys-dienstleister.de\/?page_id=35","title":{"rendered":"Leistungen"},"content":{"rendered":"<p style=\"text-align: justify;\">Ganzjahres Gr\u00fcn und Rasenpflege. Beispiel: Sie bezahlen je nach Grundst\u00fccksgr\u00f6\u00dfe einen monatlichen Festbetrag, daf\u00fcr wird ihr Grundst\u00fcck das ganze Jahr betreut, inkl. aller anfallenden Arbeiten.<\/p>\n<ul>\n<li>Pflasterarbeiten<\/li>\n<li>Kanal, Entw\u00e4sserung, Dr\u00e4nage usw.<\/li>\n<li>Garten- &amp; Gr\u00fcnpflege<\/li>\n<li>Laubbeseitigung<\/li>\n<li>Baggerarbeiten<\/li>\n<li>Radladerarbeiten<\/li>\n<li>Baumf\u00e4llung \/ Seilklettertechnik<\/li>\n<li>Schnittarbeiten<\/li>\n<li>allgemeine Dienstleistungen<\/li>\n<\/ul>\n<p>Haben wir Ihr Interesse geweckt? Dann melden Sie sich gerne bei uns.<\/p>\n","protected":false},"excerpt":{"rendered":"<p>Ganzjahres Gr\u00fcn und Rasenpflege. Beispiel: Sie bezahlen je nach Grundst\u00fccksgr\u00f6\u00dfe einen monatlichen Festbetrag, daf\u00fcr wird ihr Grundst\u00fcck das ganze Jahr betreut, inkl. aller anfallenden Arbeiten. Pflasterarbeiten Kanal, Entw\u00e4sserung, Dr\u00e4nage usw. Garten- &amp; Gr\u00fcnpflege Laubbeseitigung Baggerarbeiten Radladerarbeiten Baumf\u00e4llung \/ Seilklettertechnik Schnittarbeiten &hellip; <a href=\"https:\/\/www.dierssys-dienstleister.de\/?page_id=35\">Weiter<\/a><\/p>\n","protected":false},"author":1,"featured_media":0,"parent":0,"menu_order":0,"comment_status":"closed","ping_status":"closed","template":"","meta":{"footnotes":""},"class_list":["post-35","page","type-page","status-publish","hentry"],"_links":{"self":[{"href":"https:\/\/www.dierssys-dienstleister.de\/index.php?rest_route=\/wp\/v2\/pages\/35","targetHints":{"allow":["GET"]}}],"collection":[{"href":"https:\/\/www.dierssys-dienstleister.de\/index.php?rest_route=\/wp\/v2\/pages"}],"about":[{"href":"https:\/\/www.dierssys-dienstleister.de\/index.php?rest_route=\/wp\/v2\/types\/page"}],"author":[{"embeddable":true,"href":"https:\/\/www.dierssys-dienstleister.de\/index.php?rest_route=\/wp\/v2\/users\/1"}],"replies":[{"embeddable":true,"href":"https:\/\/www.dierssys-dienstleister.de\/index.php?rest_route=%2Fwp%2Fv2%2Fcomments&post=35"}],"version-history":[{"count":4,"href":"https:\/\/www.dierssys-dienstleister.de\/index.php?rest_route=\/wp\/v2\/pages\/35\/revisions"}],"predecessor-version":[{"id":112,"href":"https:\/\/www.dierssys-dienstleister.de\/index.php?rest_route=\/wp\/v2\/pages\/35\/revisions\/112"}],"wp:attachment":[{"href":"https:\/\/www.dierssys-dienstleister.de\/index.php?rest_route=%2Fwp%2Fv2%2Fmedia&parent=35"}],"curies":[{"name":"wp","href":"https:\/\/api.w.org\/{rel}","templated":true}]}}