{"id":39,"date":"2021-02-24T13:42:49","date_gmt":"2021-02-24T12:42:49","guid":{"rendered":"https:\/\/www.dierssys-dienstleister.de\/?page_id=39"},"modified":"2024-03-23T15:29:18","modified_gmt":"2024-03-23T14:29:18","slug":"kontakt","status":"publish","type":"page","link":"https:\/\/www.dierssys-dienstleister.de\/?page_id=39","title":{"rendered":"Kontakt"},"content":{"rendered":"<p>Dierssy&#8217;s Dienstleister<br \/>\nAndreas Dier\u00dfen<\/p>\n<p>Brander Weg 76<br \/>\n28790 Schwanewede<\/p>\n<p>Telefon: 0421 \/ 27 785 88<\/p>\n<p>e-Mail: <a href=\"mailto:%20info@dierssys-dienstleister.de\">info@dierssys-dienstleister.de<\/a><\/p>\n<p>Unsere B\u00fcrozeiten:<br \/>\nMontag bis Donnerstag von 8:00 bis 15:00<br \/>\nFreitag von 8:00 bis 13:00<\/p>\n<p>Sollte unser B\u00fcro nicht besetzt sein, bitten wir Sie es zu einem sp\u00e4teren Zeitpunkt erneut zu versuchen oder hinterlassen Sie uns eine Nachricht, wir rufen Sie gerne zur\u00fcck.<\/p>\n<p style=\"text-align: justify;\">Datenschutzhinweis: Alle hier genannten Personen widersprechen ohne Ausnahme jeder kommerziellen Verwendung sowie der Weitergabe ihrer Kontaktdaten.<\/p>\n","protected":false},"excerpt":{"rendered":"<p>Dierssy&#8217;s Dienstleister Andreas Dier\u00dfen Brander Weg 76 28790 Schwanewede Telefon: 0421 \/ 27 785 88 e-Mail: info@dierssys-dienstleister.de Unsere B\u00fcrozeiten: Montag bis Donnerstag von 8:00 bis 15:00 Freitag von 8:00 bis 13:00 Sollte unser B\u00fcro nicht besetzt sein, bitten wir Sie &hellip; <a href=\"https:\/\/www.dierssys-dienstleister.de\/?page_id=39\">Weiter<\/a><\/p>\n","protected":false},"author":1,"featured_media":0,"parent":0,"menu_order":0,"comment_status":"closed","ping_status":"closed","template":"","meta":{"footnotes":""},"class_list":["post-39","page","type-page","status-publish","hentry"],"_links":{"self":[{"href":"https:\/\/www.dierssys-dienstleister.de\/index.php?rest_route=\/wp\/v2\/pages\/39","targetHints":{"allow":["GET"]}}],"collection":[{"href":"https:\/\/www.dierssys-dienstleister.de\/index.php?rest_route=\/wp\/v2\/pages"}],"about":[{"href":"https:\/\/www.dierssys-dienstleister.de\/index.php?rest_route=\/wp\/v2\/types\/page"}],"author":[{"embeddable":true,"href":"https:\/\/www.dierssys-dienstleister.de\/index.php?rest_route=\/wp\/v2\/users\/1"}],"replies":[{"embeddable":true,"href":"https:\/\/www.dierssys-dienstleister.de\/index.php?rest_route=%2Fwp%2Fv2%2Fcomments&post=39"}],"version-history":[{"count":11,"href":"https:\/\/www.dierssys-dienstleister.de\/index.php?rest_route=\/wp\/v2\/pages\/39\/revisions"}],"predecessor-version":[{"id":169,"href":"https:\/\/www.dierssys-dienstleister.de\/index.php?rest_route=\/wp\/v2\/pages\/39\/revisions\/169"}],"wp:attachment":[{"href":"https:\/\/www.dierssys-dienstleister.de\/index.php?rest_route=%2Fwp%2Fv2%2Fmedia&parent=39"}],"curies":[{"name":"wp","href":"https:\/\/api.w.org\/{rel}","templated":true}]}}