{"id":7,"date":"2021-02-24T11:55:09","date_gmt":"2021-02-24T10:55:09","guid":{"rendered":"https:\/\/www.dierssys-dienstleister.de\/?page_id=7"},"modified":"2021-02-27T12:53:47","modified_gmt":"2021-02-27T11:53:47","slug":"start","status":"publish","type":"page","link":"https:\/\/www.dierssys-dienstleister.de\/","title":{"rendered":"Start"},"content":{"rendered":"\r\n<p style=\"text-align: justify;\">Willkommen auf der Homepage vom Dierssy`s Dienstleister.<\/p>\r\n\r\n\r\n<p style=\"text-align: justify;\">Der Dierssy\u2019s Diensleister war urspr\u00fcnglich ein Nebenerwerbsbetrieb im Bereich Garten- und Landschaftsbau, den ich Anfang 2004 ins Leben gerufen habe.<\/p>\r\n\r\n\r\n<p style=\"text-align: justify;\">Gelernt habe ich in den Jahren 1997 bis 2000 und bin meinem Traumjob treu geblieben. Die Idee mit der Selbstst\u00e4ndigkeit hat mich immer schon besch\u00e4ftigt, ich habe mich aber erst sechs Jahre sp\u00e4ter dazu durchringen k\u00f6nnen.<\/p>\r\n\r\n\r\n<p style=\"text-align: justify;\">Angefangen hat alles mit einer alten VW Pritsche und ein paar kleinerer Pflege- und Pflasterbaustellen, meistens in der Gr\u00f6\u00dfe das sie an ein paar Abenden oder ein bis zwei Wochenenden fertig sein konnten. \u00dcberwiegend erledige ich die unangenehmen Arbeiten im Garten wie z.B. Chaos-Beseitigung \u2013 je schlimmer der Garten aussieht, desto besser. Um ehrlich zu sein: ich habe auch wenig Lust Kraut zu suchen, daf\u00fcr um so mehr Pflanzen, Wege und Rasenfl\u00e4chen zu finden.<\/p>\r\n\r\n\r\n<p style=\"text-align: justify;\">Der Dierssy`s Dienstleister verf\u00fcgt \u00fcber alle Ger\u00e4te \u2013 von der Gartenkralle bis zum Radlader \u2013 vom Minibagger bis zur Fr\u00e4se. Dies ist mein ganzer Stolz, alles in Top-Zustand und stets zu ihren Diensten. Bitte sehen sie sich in den anderen Bereichen auf dieser Seite um, damit sie einen weiteren \u00dcberblick \u00fcber meine T\u00e4tigkeiten bekommen.<\/p>\r\n\r\n","protected":false},"excerpt":{"rendered":"<p>Willkommen auf der Homepage vom Dierssy`s Dienstleister. Der Dierssy\u2019s Diensleister war urspr\u00fcnglich ein Nebenerwerbsbetrieb im Bereich Garten- und Landschaftsbau, den ich Anfang 2004 ins Leben gerufen habe. Gelernt habe ich in den Jahren 1997 bis 2000 und bin meinem Traumjob &hellip; <a href=\"https:\/\/www.dierssys-dienstleister.de\/\">Weiter<\/a><\/p>\n","protected":false},"author":1,"featured_media":0,"parent":0,"menu_order":0,"comment_status":"closed","ping_status":"closed","template":"","meta":{"footnotes":""},"class_list":["post-7","page","type-page","status-publish","hentry"],"_links":{"self":[{"href":"https:\/\/www.dierssys-dienstleister.de\/index.php?rest_route=\/wp\/v2\/pages\/7","targetHints":{"allow":["GET"]}}],"collection":[{"href":"https:\/\/www.dierssys-dienstleister.de\/index.php?rest_route=\/wp\/v2\/pages"}],"about":[{"href":"https:\/\/www.dierssys-dienstleister.de\/index.php?rest_route=\/wp\/v2\/types\/page"}],"author":[{"embeddable":true,"href":"https:\/\/www.dierssys-dienstleister.de\/index.php?rest_route=\/wp\/v2\/users\/1"}],"replies":[{"embeddable":true,"href":"https:\/\/www.dierssys-dienstleister.de\/index.php?rest_route=%2Fwp%2Fv2%2Fcomments&post=7"}],"version-history":[{"count":7,"href":"https:\/\/www.dierssys-dienstleister.de\/index.php?rest_route=\/wp\/v2\/pages\/7\/revisions"}],"predecessor-version":[{"id":148,"href":"https:\/\/www.dierssys-dienstleister.de\/index.php?rest_route=\/wp\/v2\/pages\/7\/revisions\/148"}],"wp:attachment":[{"href":"https:\/\/www.dierssys-dienstleister.de\/index.php?rest_route=%2Fwp%2Fv2%2Fmedia&parent=7"}],"curies":[{"name":"wp","href":"https:\/\/api.w.org\/{rel}","templated":true}]}}